{"id":1510,"date":"2024-07-03T14:02:05","date_gmt":"2024-07-03T18:02:05","guid":{"rendered":"https:\/\/puitsbrunette.com\/services\/geothermal-drilling\/"},"modified":"2024-08-05T16:16:18","modified_gmt":"2024-08-05T20:16:18","slug":"geothermal-drilling","status":"publish","type":"page","link":"https:\/\/puitsbrunette.com\/en\/services\/geothermal-drilling\/","title":{"rendered":"Geothermal drilling"},"content":{"rendered":"\t\t<div data-elementor-type=\"wp-page\" data-elementor-id=\"1510\" class=\"elementor elementor-1510 elementor-42\" data-elementor-post-type=\"page\">\n\t\t\t\t<div class=\"elementor-element elementor-element-2b67979 e-con-full e-flex elementor-invisible e-con e-parent\" data-id=\"2b67979\" data-element_type=\"container\" data-e-type=\"container\" data-settings=\"{&quot;background_background&quot;:&quot;classic&quot;,&quot;animation&quot;:&quot;slideInDown&quot;}\">\n\t\t<div class=\"elementor-element elementor-element-61c4522 e-con-full e-flex e-con e-child\" data-id=\"61c4522\" data-element_type=\"container\" data-e-type=\"container\">\n\t\t<div class=\"elementor-element elementor-element-b49c3ff e-con-full e-flex elementor-invisible e-con e-child\" data-id=\"b49c3ff\" data-element_type=\"container\" data-e-type=\"container\" data-settings=\"{&quot;animation&quot;:&quot;fadeIn&quot;,&quot;animation_delay&quot;:500}\">\n\t\t<div class=\"elementor-element elementor-element-6cbd537 e-con-full pb_boxed_left e-flex e-con e-child\" data-id=\"6cbd537\" data-element_type=\"container\" data-e-type=\"container\">\n\t\t<div class=\"elementor-element elementor-element-ba1640c e-con-full e-flex e-con e-child\" data-id=\"ba1640c\" data-element_type=\"container\" data-e-type=\"container\">\n\t\t\t\t<div class=\"elementor-element elementor-element-194e179 elementor-widget elementor-widget-heading\" data-id=\"194e179\" data-element_type=\"widget\" data-e-type=\"widget\" data-widget_type=\"heading.default\">\n\t\t\t\t<div class=\"elementor-widget-container\">\n\t\t\t\t\t<span class=\"elementor-heading-title elementor-size-default\">Services<\/span>\t\t\t\t<\/div>\n\t\t\t\t<\/div>\n\t\t\t\t<div class=\"elementor-element elementor-element-155b576 elementor-widget elementor-widget-heading\" data-id=\"155b576\" data-element_type=\"widget\" data-e-type=\"widget\" data-widget_type=\"heading.default\">\n\t\t\t\t<div class=\"elementor-widget-container\">\n\t\t\t\t\t<h1 class=\"elementor-heading-title elementor-size-default\">Geothermal drilling<\/h1>\t\t\t\t<\/div>\n\t\t\t\t<\/div>\n\t\t\t\t<\/div>\n\t\t\t\t<div class=\"elementor-element elementor-element-e4a1add elementor-widget elementor-widget-text-editor\" data-id=\"e4a1add\" data-element_type=\"widget\" data-e-type=\"widget\" data-widget_type=\"text-editor.default\">\n\t\t\t\t<div class=\"elementor-widget-container\">\n\t\t\t\t\t\t\t\t\t<p>Our company has been drilling for the installation of geothermal heating systems for several years.<\/p>\n\t\t\t\t\t\t\t\t<\/div>\n\t\t\t\t<\/div>\n\t\t\t\t<\/div>\n\t\t\t\t<\/div>\n\t\t<div class=\"elementor-element elementor-element-68fa533 e-con-full e-flex e-con e-child\" data-id=\"68fa533\" data-element_type=\"container\" data-e-type=\"container\">\n\t\t\t\t<div class=\"elementor-element elementor-element-77447df elementor-invisible elementor-widget elementor-widget-image\" data-id=\"77447df\" data-element_type=\"widget\" data-e-type=\"widget\" data-settings=\"{&quot;_animation&quot;:&quot;slideInUp&quot;}\" data-widget_type=\"image.default\">\n\t\t\t\t<div class=\"elementor-widget-container\">\n\t\t\t\t\t\t\t\t\t\t\t\t\t\t\t<img fetchpriority=\"high\" decoding=\"async\" width=\"800\" height=\"602\" src=\"https:\/\/puitsbrunette.com\/wp-content\/uploads\/2024\/08\/pb_img_010-1024x770.jpg\" class=\"attachment-large size-large wp-image-1441\" alt=\"\" srcset=\"https:\/\/puitsbrunette.com\/wp-content\/uploads\/2024\/08\/pb_img_010-1024x770.jpg 1024w, https:\/\/puitsbrunette.com\/wp-content\/uploads\/2024\/08\/pb_img_010-300x225.jpg 300w, https:\/\/puitsbrunette.com\/wp-content\/uploads\/2024\/08\/pb_img_010-768x577.jpg 768w, https:\/\/puitsbrunette.com\/wp-content\/uploads\/2024\/08\/pb_img_010-1536x1154.jpg 1536w, https:\/\/puitsbrunette.com\/wp-content\/uploads\/2024\/08\/pb_img_010.jpg 2000w\" sizes=\"(max-width: 800px) 100vw, 800px\" \/>\t\t\t\t\t\t\t\t\t\t\t\t\t\t\t<\/div>\n\t\t\t\t<\/div>\n\t\t\t\t<\/div>\n\t\t\t\t<\/div>\n\t\t\t\t<\/div>\n\t\t<div class=\"elementor-element elementor-element-b6839cd e-con-full e-flex e-con e-parent\" data-id=\"b6839cd\" data-element_type=\"container\" data-e-type=\"container\">\n\t\t<div class=\"elementor-element elementor-element-a2ab117 e-con-full e-flex e-con e-child\" data-id=\"a2ab117\" data-element_type=\"container\" data-e-type=\"container\">\n\t\t<div class=\"elementor-element elementor-element-1b5e4c1 e-con-full e-flex e-con e-child\" data-id=\"1b5e4c1\" data-element_type=\"container\" data-e-type=\"container\">\n\t\t\t\t<div class=\"elementor-element elementor-element-f89f5c8 elementor-invisible elementor-widget elementor-widget-image\" data-id=\"f89f5c8\" data-element_type=\"widget\" data-e-type=\"widget\" data-settings=\"{&quot;_animation&quot;:&quot;slideInUp&quot;}\" data-widget_type=\"image.default\">\n\t\t\t\t<div class=\"elementor-widget-container\">\n\t\t\t\t\t\t\t\t\t\t\t\t\t\t\t<img decoding=\"async\" width=\"800\" height=\"601\" src=\"https:\/\/puitsbrunette.com\/wp-content\/uploads\/2024\/08\/pb_img_007-1024x769.jpg\" class=\"attachment-large size-large wp-image-1438\" alt=\"\" srcset=\"https:\/\/puitsbrunette.com\/wp-content\/uploads\/2024\/08\/pb_img_007-1024x769.jpg 1024w, https:\/\/puitsbrunette.com\/wp-content\/uploads\/2024\/08\/pb_img_007-300x225.jpg 300w, https:\/\/puitsbrunette.com\/wp-content\/uploads\/2024\/08\/pb_img_007-768x577.jpg 768w, https:\/\/puitsbrunette.com\/wp-content\/uploads\/2024\/08\/pb_img_007-1536x1154.jpg 1536w, https:\/\/puitsbrunette.com\/wp-content\/uploads\/2024\/08\/pb_img_007.jpg 2000w\" sizes=\"(max-width: 800px) 100vw, 800px\" \/>\t\t\t\t\t\t\t\t\t\t\t\t\t\t\t<\/div>\n\t\t\t\t<\/div>\n\t\t\t\t<\/div>\n\t\t<div class=\"elementor-element elementor-element-970f4ce e-con-full e-flex e-con e-child\" data-id=\"970f4ce\" data-element_type=\"container\" data-e-type=\"container\">\n\t\t<div class=\"elementor-element elementor-element-e850df0 e-con-full pb_boxed_right e-flex e-con e-child\" data-id=\"e850df0\" data-element_type=\"container\" data-e-type=\"container\">\n\t\t<div class=\"elementor-element elementor-element-5ca97e4 e-con-full e-flex e-con e-child\" data-id=\"5ca97e4\" data-element_type=\"container\" data-e-type=\"container\">\n\t\t\t\t<div class=\"elementor-element elementor-element-e8bc36b elementor-widget__width-initial elementor-widget elementor-widget-heading\" data-id=\"e8bc36b\" data-element_type=\"widget\" data-e-type=\"widget\" data-widget_type=\"heading.default\">\n\t\t\t\t<div class=\"elementor-widget-container\">\n\t\t\t\t\t<h2 class=\"elementor-heading-title elementor-size-default\">Geothermal heating systems: an increasingly popular solution <\/h2>\t\t\t\t<\/div>\n\t\t\t\t<\/div>\n\t\t\t\t<\/div>\n\t\t\t\t<div class=\"elementor-element elementor-element-0b55cd0 elementor-widget__width-initial elementor-icon-list--layout-traditional elementor-list-item-link-full_width elementor-widget elementor-widget-icon-list\" data-id=\"0b55cd0\" data-element_type=\"widget\" data-e-type=\"widget\" data-widget_type=\"icon-list.default\">\n\t\t\t\t<div class=\"elementor-widget-container\">\n\t\t\t\t\t\t\t<ul class=\"elementor-icon-list-items\">\n\t\t\t\t\t\t\t<li class=\"elementor-icon-list-item\">\n\t\t\t\t\t\t\t\t\t\t\t<span class=\"elementor-icon-list-icon\">\n\t\t\t\t\t\t\t<svg xmlns=\"http:\/\/www.w3.org\/2000\/svg\" width=\"22\" height=\"22\" viewBox=\"0 0 22 22\"><text id=\"_\" data-name=\"(+)\" fill=\"#ffac24\" font-size=\"16\" font-family=\"Nunito-Bold, Nunito\" font-weight=\"700\"><tspan x=\"0\" y=\"16\">(+)<\/tspan><\/text><\/svg>\t\t\t\t\t\t<\/span>\n\t\t\t\t\t\t\t\t\t\t<span class=\"elementor-icon-list-text\">We work closely with companies specializing in the sale of these systems so our teams have extensive knowledge of the preparation required for thermal conductivity and diffusivity in any type of soil, whether it is for a residential or commercial project.<\/span>\n\t\t\t\t\t\t\t\t\t<\/li>\n\t\t\t\t\t\t\t\t<li class=\"elementor-icon-list-item\">\n\t\t\t\t\t\t\t\t\t\t\t<span class=\"elementor-icon-list-icon\">\n\t\t\t\t\t\t\t<svg xmlns=\"http:\/\/www.w3.org\/2000\/svg\" width=\"22\" height=\"22\" viewBox=\"0 0 22 22\"><text id=\"_\" data-name=\"(+)\" fill=\"#ffac24\" font-size=\"16\" font-family=\"Nunito-Bold, Nunito\" font-weight=\"700\"><tspan x=\"0\" y=\"16\">(+)<\/tspan><\/text><\/svg>\t\t\t\t\t\t<\/span>\n\t\t\t\t\t\t\t\t\t\t<span class=\"elementor-icon-list-text\">The installation of a geothermal heating system is increasingly being recommended as a solution for obtaining a low-cost source of renewable energy. According to the industry, a geothermal heating system can help you <span style=\"font-weight:700\">save 70% on your heating bill<\/span>. <\/span>\n\t\t\t\t\t\t\t\t\t<\/li>\n\t\t\t\t\t\t<\/ul>\n\t\t\t\t\t\t<\/div>\n\t\t\t\t<\/div>\n\t\t\t\t<\/div>\n\t\t\t\t<\/div>\n\t\t\t\t<\/div>\n\t\t<div class=\"elementor-element elementor-element-66232b0 e-flex e-con-boxed e-con e-child\" data-id=\"66232b0\" data-element_type=\"container\" data-e-type=\"container\">\n\t\t\t\t\t<div class=\"e-con-inner\">\n\t\t<div class=\"elementor-element elementor-element-5c89d7c e-con-full e-flex e-con e-child\" data-id=\"5c89d7c\" data-element_type=\"container\" data-e-type=\"container\">\n\t\t\t\t<div class=\"elementor-element elementor-element-378af81 elementor-invisible elementor-widget elementor-widget-image\" data-id=\"378af81\" data-element_type=\"widget\" data-e-type=\"widget\" data-settings=\"{&quot;_animation&quot;:&quot;slideInUp&quot;}\" data-widget_type=\"image.default\">\n\t\t\t\t<div class=\"elementor-widget-container\">\n\t\t\t\t\t\t\t\t\t\t\t\t\t\t\t<img decoding=\"async\" width=\"494\" height=\"878\" src=\"https:\/\/puitsbrunette.com\/wp-content\/uploads\/2024\/07\/pb_img_forage_geo_fonctionnement.png\" class=\"attachment-large size-large wp-image-1427\" alt=\"\" srcset=\"https:\/\/puitsbrunette.com\/wp-content\/uploads\/2024\/07\/pb_img_forage_geo_fonctionnement.png 494w, https:\/\/puitsbrunette.com\/wp-content\/uploads\/2024\/07\/pb_img_forage_geo_fonctionnement-169x300.png 169w\" sizes=\"(max-width: 494px) 100vw, 494px\" \/>\t\t\t\t\t\t\t\t\t\t\t\t\t\t\t<\/div>\n\t\t\t\t<\/div>\n\t\t\t\t<\/div>\n\t\t<div class=\"elementor-element elementor-element-96c7b1f e-con-full e-flex e-con e-child\" data-id=\"96c7b1f\" data-element_type=\"container\" data-e-type=\"container\">\n\t\t<div class=\"elementor-element elementor-element-49cdc5d e-con-full e-flex e-con e-child\" data-id=\"49cdc5d\" data-element_type=\"container\" data-e-type=\"container\">\n\t\t<div class=\"elementor-element elementor-element-6f623b6 e-con-full e-flex e-con e-child\" data-id=\"6f623b6\" data-element_type=\"container\" data-e-type=\"container\">\n\t\t\t\t<div class=\"elementor-element elementor-element-e6c5e98 elementor-widget__width-initial elementor-widget elementor-widget-heading\" data-id=\"e6c5e98\" data-element_type=\"widget\" data-e-type=\"widget\" data-widget_type=\"heading.default\">\n\t\t\t\t<div class=\"elementor-widget-container\">\n\t\t\t\t\t<h2 class=\"elementor-heading-title elementor-size-default\">How does it work?<\/h2>\t\t\t\t<\/div>\n\t\t\t\t<\/div>\n\t\t\t\t<\/div>\n\t\t\t\t<div class=\"elementor-element elementor-element-97f6384 elementor-widget__width-initial elementor-icon-list--layout-traditional elementor-list-item-link-full_width elementor-widget elementor-widget-icon-list\" data-id=\"97f6384\" data-element_type=\"widget\" data-e-type=\"widget\" data-widget_type=\"icon-list.default\">\n\t\t\t\t<div class=\"elementor-widget-container\">\n\t\t\t\t\t\t\t<ul class=\"elementor-icon-list-items\">\n\t\t\t\t\t\t\t<li class=\"elementor-icon-list-item\">\n\t\t\t\t\t\t\t\t\t\t\t<span class=\"elementor-icon-list-icon\">\n\t\t\t\t\t\t\t<svg xmlns=\"http:\/\/www.w3.org\/2000\/svg\" width=\"22\" height=\"22\" viewBox=\"0 0 22 22\"><text id=\"_\" data-name=\"(+)\" fill=\"#ffac24\" font-size=\"16\" font-family=\"Nunito-Bold, Nunito\" font-weight=\"700\"><tspan x=\"0\" y=\"16\">(+)<\/tspan><\/text><\/svg>\t\t\t\t\t\t<\/span>\n\t\t\t\t\t\t\t\t\t\t<span class=\"elementor-icon-list-text\">To take advantage of this heat (cool air), liquid is circulated in an underground pipe using a heat pump. The liquid will heat up (or cool down in the summer) underground as it travels the length of the pipe.<\/span>\n\t\t\t\t\t\t\t\t\t<\/li>\n\t\t\t\t\t\t\t\t<li class=\"elementor-icon-list-item\">\n\t\t\t\t\t\t\t\t\t\t\t<span class=\"elementor-icon-list-icon\">\n\t\t\t\t\t\t\t<svg xmlns=\"http:\/\/www.w3.org\/2000\/svg\" width=\"22\" height=\"22\" viewBox=\"0 0 22 22\"><text id=\"_\" data-name=\"(+)\" fill=\"#ffac24\" font-size=\"16\" font-family=\"Nunito-Bold, Nunito\" font-weight=\"700\"><tspan x=\"0\" y=\"16\">(+)<\/tspan><\/text><\/svg>\t\t\t\t\t\t<\/span>\n\t\t\t\t\t\t\t\t\t\t<span class=\"elementor-icon-list-text\">When it reaches the heat pump, the pump will raise the temperature of the liquid and redirect it to the house. This provides a heating\/cooling system that is particularly economical, ecological and efficient. <\/span>\n\t\t\t\t\t\t\t\t\t<\/li>\n\t\t\t\t\t\t\t\t<li class=\"elementor-icon-list-item\">\n\t\t\t\t\t\t\t\t\t\t\t<span class=\"elementor-icon-list-icon\">\n\t\t\t\t\t\t\t<svg xmlns=\"http:\/\/www.w3.org\/2000\/svg\" width=\"22\" height=\"22\" viewBox=\"0 0 22 22\"><text id=\"_\" data-name=\"(+)\" fill=\"#ffac24\" font-size=\"16\" font-family=\"Nunito-Bold, Nunito\" font-weight=\"700\"><tspan x=\"0\" y=\"16\">(+)<\/tspan><\/text><\/svg>\t\t\t\t\t\t<\/span>\n\t\t\t\t\t\t\t\t\t\t<span class=\"elementor-icon-list-text\">To find out more about geothermal energy, visit the <a class=\"pb_link\" style=\"font-weight: 700\" href=\"http:\/\/www.geo-exchange.ca\/fr\/\" target=\"_blank\" rel=\"noopener\">Canadian GeoExchange Coalition<\/a> website.<\/span>\n\t\t\t\t\t\t\t\t\t<\/li>\n\t\t\t\t\t\t<\/ul>\n\t\t\t\t\t\t<\/div>\n\t\t\t\t<\/div>\n\t\t\t\t<div class=\"elementor-element elementor-element-1dea5af pb_btn_icone elementor-widget elementor-widget-button\" data-id=\"1dea5af\" data-element_type=\"widget\" data-e-type=\"widget\" data-widget_type=\"button.default\">\n\t\t\t\t<div class=\"elementor-widget-container\">\n\t\t\t\t\t\t\t\t\t<div class=\"elementor-button-wrapper\">\n\t\t\t\t\t<a class=\"elementor-button elementor-button-link elementor-size-sm\" href=\"https:\/\/puitsbrunette.com\/en\/contact\/\">\n\t\t\t\t\t\t<span class=\"elementor-button-content-wrapper\">\n\t\t\t\t\t\t<span class=\"elementor-button-icon\">\n\t\t\t\t<svg xmlns=\"http:\/\/www.w3.org\/2000\/svg\" xmlns:xlink=\"http:\/\/www.w3.org\/1999\/xlink\" width=\"26.934\" height=\"27\" viewBox=\"0 0 26.934 27\"><defs><clipPath id=\"clip-path\"><rect id=\"Rectangle_141\" data-name=\"Rectangle 141\" width=\"26.934\" height=\"27\" fill=\"#fff\"><\/rect><\/clipPath><\/defs><g id=\"Group_74\" data-name=\"Group 74\" clip-path=\"url(#clip-path)\"><path id=\"Path_107\" data-name=\"Path 107\" d=\"M19.2,23.677a1.053,1.053,0,0,0-1.426.374,1.728,1.728,0,0,1-1.5.872H3.822a1.731,1.731,0,0,1-1.731-1.731V3.808A1.731,1.731,0,0,1,3.822,2.077H9.706V5.192A3.806,3.806,0,0,0,13.514,9h2.769a1.038,1.038,0,0,0,0-2.077H13.514a1.731,1.731,0,0,1-1.731-1.731V2.2a1.825,1.825,0,0,1,.457.249l5.123,4.1a1.022,1.022,0,0,0,1.454-.166,1.033,1.033,0,0,0-.166-1.454L13.528.831A3.8,3.8,0,0,0,11.146,0H3.808A3.806,3.806,0,0,0,0,3.808V23.192A3.806,3.806,0,0,0,3.808,27H16.269a3.832,3.832,0,0,0,3.3-1.9,1.053,1.053,0,0,0-.374-1.426Z\" fill=\"#fff\"><\/path><path id=\"Path_108\" data-name=\"Path 108\" d=\"M22.746,6.169a3.819,3.819,0,0,0-5.386,0l-.983.983L9.523,14.006A5.153,5.153,0,0,0,8,17.675v2.2a1.046,1.046,0,0,0,1.038,1.038h2.2a5.153,5.153,0,0,0,3.669-1.523l6.854-6.854.983-.983a3.819,3.819,0,0,0,0-5.386M21.278,7.636a1.73,1.73,0,0,1,0,2.451l-.249.249L18.578,7.886l.249-.249a1.73,1.73,0,0,1,2.451,0M13.442,17.91a3.112,3.112,0,0,1-2.2.914H10.077V17.661a3.055,3.055,0,0,1,.914-2.2l6.12-6.12,2.451,2.451Z\" transform=\"translate(3.077 1.945)\" fill=\"#fff\"><\/path><\/g><\/svg>\t\t\t<\/span>\n\t\t\t\t\t\t\t\t\t<span class=\"elementor-button-text\">Get a quote<\/span>\n\t\t\t\t\t<\/span>\n\t\t\t\t\t<\/a>\n\t\t\t\t<\/div>\n\t\t\t\t\t\t\t\t<\/div>\n\t\t\t\t<\/div>\n\t\t\t\t<\/div>\n\t\t\t\t<\/div>\n\t\t\t\t\t<\/div>\n\t\t\t\t<\/div>\n\t\t\t\t<\/div>\n\t\t<div class=\"elementor-element elementor-element-9e9a0a9 e-flex e-con-boxed e-con e-parent\" data-id=\"9e9a0a9\" data-element_type=\"container\" data-e-type=\"container\" data-settings=\"{&quot;background_background&quot;:&quot;classic&quot;}\">\n\t\t\t\t\t<div class=\"e-con-inner\">\n\t\t<div class=\"elementor-element elementor-element-457aa31 e-con-full e-flex e-con e-child\" data-id=\"457aa31\" data-element_type=\"container\" data-e-type=\"container\">\n\t\t\t\t<div class=\"elementor-element elementor-element-1977d78 elementor-widget elementor-widget-heading\" data-id=\"1977d78\" data-element_type=\"widget\" data-e-type=\"widget\" data-widget_type=\"heading.default\">\n\t\t\t\t<div class=\"elementor-widget-container\">\n\t\t\t\t\t<h2 class=\"elementor-heading-title elementor-size-default\">Grants<\/h2>\t\t\t\t<\/div>\n\t\t\t\t<\/div>\n\t\t\t\t<div class=\"elementor-element elementor-element-45d0c5c elementor-widget elementor-widget-heading\" data-id=\"45d0c5c\" data-element_type=\"widget\" data-e-type=\"widget\" data-widget_type=\"heading.default\">\n\t\t\t\t<div class=\"elementor-widget-container\">\n\t\t\t\t\t<span class=\"elementor-heading-title elementor-size-default\">You may be able to take advantage of two grant programs offered by Hydro-Qu\u00e9bec and Natural Resources Canada (up to $5,500 in grants). Contact them to find out if you qualify. <\/span>\t\t\t\t<\/div>\n\t\t\t\t<\/div>\n\t\t<div class=\"elementor-element elementor-element-bb54b9c e-con-full e-flex e-con e-child\" data-id=\"bb54b9c\" data-element_type=\"container\" data-e-type=\"container\">\n\t\t\t\t<div class=\"elementor-element elementor-element-fcefc93 pb_link elementor-widget elementor-widget-heading\" data-id=\"fcefc93\" data-element_type=\"widget\" data-e-type=\"widget\" data-widget_type=\"heading.default\">\n\t\t\t\t<div class=\"elementor-widget-container\">\n\t\t\t\t\t<span class=\"elementor-heading-title elementor-size-default\"><a href=\"https:\/\/transitionenergetique.gouv.qc.ca\/residentiel\/programmes\/renoclimat\" target=\"_blank\">Hydro-Qu\u00e9bec - R\u00e9noclimat <\/a><\/span>\t\t\t\t<\/div>\n\t\t\t\t<\/div>\n\t\t\t\t<div class=\"elementor-element elementor-element-bfa4d68 pb_link elementor-widget elementor-widget-heading\" data-id=\"bfa4d68\" data-element_type=\"widget\" data-e-type=\"widget\" data-widget_type=\"heading.default\">\n\t\t\t\t<div class=\"elementor-widget-container\">\n\t\t\t\t\t<span class=\"elementor-heading-title elementor-size-default\"><a href=\"https:\/\/www.canada.ca\/fr\/environnement-changement-climatique\/services\/financement-environnement\/programme-communautaire-ecoaction.html\" target=\"_blank\">Gouvernement f\u00e9d\u00e9ral - \u00c9co-action<\/a><\/span>\t\t\t\t<\/div>\n\t\t\t\t<\/div>\n\t\t\t\t<\/div>\n\t\t\t\t<\/div>\n\t\t\t\t\t<\/div>\n\t\t\t\t<\/div>\n\t\t\t\t<\/div>\n\t\t","protected":false},"excerpt":{"rendered":"<p>Services Geothermal drilling Our company has been drilling for the installation of geothermal heating systems for several years. Geothermal heating systems: an increasingly popular solution (+) We work closely with companies specializing in the sale of these systems so our teams have extensive knowledge of the preparation required for thermal conductivity and diffusivity in any [&hellip;]<\/p>\n","protected":false},"author":1,"featured_media":1407,"parent":1493,"menu_order":2,"comment_status":"closed","ping_status":"closed","template":"","meta":{"_seopress_robots_primary_cat":"","_seopress_titles_title":"Puits Art\u00e9sien Brunette | Geothermal Drilling","_seopress_titles_desc":"For many years, we have been drilling for the installation of geothermal heating systems throughout Outaouais and the Laurentides.","_seopress_robots_index":"","footnotes":""},"class_list":["post-1510","page","type-page","status-publish","has-post-thumbnail","hentry"],"_links":{"self":[{"href":"https:\/\/puitsbrunette.com\/en\/wp-json\/wp\/v2\/pages\/1510","targetHints":{"allow":["GET"]}}],"collection":[{"href":"https:\/\/puitsbrunette.com\/en\/wp-json\/wp\/v2\/pages"}],"about":[{"href":"https:\/\/puitsbrunette.com\/en\/wp-json\/wp\/v2\/types\/page"}],"author":[{"embeddable":true,"href":"https:\/\/puitsbrunette.com\/en\/wp-json\/wp\/v2\/users\/1"}],"replies":[{"embeddable":true,"href":"https:\/\/puitsbrunette.com\/en\/wp-json\/wp\/v2\/comments?post=1510"}],"version-history":[{"count":4,"href":"https:\/\/puitsbrunette.com\/en\/wp-json\/wp\/v2\/pages\/1510\/revisions"}],"predecessor-version":[{"id":1673,"href":"https:\/\/puitsbrunette.com\/en\/wp-json\/wp\/v2\/pages\/1510\/revisions\/1673"}],"up":[{"embeddable":true,"href":"https:\/\/puitsbrunette.com\/en\/wp-json\/wp\/v2\/pages\/1493"}],"wp:featuredmedia":[{"embeddable":true,"href":"https:\/\/puitsbrunette.com\/en\/wp-json\/wp\/v2\/media\/1407"}],"wp:attachment":[{"href":"https:\/\/puitsbrunette.com\/en\/wp-json\/wp\/v2\/media?parent=1510"}],"curies":[{"name":"wp","href":"https:\/\/api.w.org\/{rel}","templated":true}]}}